{"id":615,"date":"2025-09-19T11:18:46","date_gmt":"2025-09-19T11:18:46","guid":{"rendered":"http:\/\/mtgvuzu.cluster021.hosting.ovh.net\/?page_id=615"},"modified":"2025-10-10T21:08:41","modified_gmt":"2025-10-10T21:08:41","slug":"reservation","status":"publish","type":"page","link":"https:\/\/chezalex-narbonne-plage.fr\/index.php\/reservation\/","title":{"rendered":"R\u00e9servation"},"content":{"rendered":"\t\t<div data-elementor-type=\"wp-page\" data-elementor-id=\"615\" class=\"elementor elementor-615\">\n\t\t\t\t\t\t<section class=\"elementor-section elementor-top-section elementor-element elementor-element-9dd319e elementor-section-boxed elementor-section-height-default elementor-section-height-default\" data-id=\"9dd319e\" data-element_type=\"section\" data-e-type=\"section\" data-settings=\"{&quot;background_background&quot;:&quot;classic&quot;}\">\n\t\t\t\t\t\t<div class=\"elementor-container elementor-column-gap-no\">\n\t\t\t\t\t<div class=\"elementor-column elementor-col-100 elementor-top-column elementor-element elementor-element-742902c\" data-id=\"742902c\" data-element_type=\"column\" data-e-type=\"column\">\n\t\t\t<div class=\"elementor-widget-wrap elementor-element-populated\">\n\t\t\t\t\t\t<div class=\"elementor-element elementor-element-b813a8a elementor-widget elementor-widget-heading\" data-id=\"b813a8a\" data-element_type=\"widget\" data-e-type=\"widget\" data-widget_type=\"heading.default\">\n\t\t\t\t<div class=\"elementor-widget-container\">\n\t\t\t\t\t<h2 class=\"elementor-heading-title elementor-size-default\">R\u00e9servation<\/h2>\t\t\t\t<\/div>\n\t\t\t\t<\/div>\n\t\t\t\t\t<\/div>\n\t\t<\/div>\n\t\t\t\t\t<\/div>\n\t\t<\/section>\n\t\t\t\t<section class=\"elementor-section elementor-top-section elementor-element elementor-element-cf32267 elementor-section-boxed elementor-section-height-default elementor-section-height-default elementor-invisible\" data-id=\"cf32267\" data-element_type=\"section\" data-e-type=\"section\" data-settings=\"{&quot;animation&quot;:&quot;fadeInDown&quot;}\">\n\t\t\t\t\t\t<div class=\"elementor-container elementor-column-gap-default\">\n\t\t\t\t\t<div class=\"elementor-column elementor-col-100 elementor-top-column elementor-element elementor-element-93e82d1\" data-id=\"93e82d1\" data-element_type=\"column\" data-e-type=\"column\" data-settings=\"{&quot;background_background&quot;:&quot;classic&quot;}\">\n\t\t\t<div class=\"elementor-widget-wrap elementor-element-populated\">\n\t\t\t\t\t\t<div class=\"elementor-element elementor-element-bbafd61 elementor-widget elementor-widget-text-editor\" data-id=\"bbafd61\" data-element_type=\"widget\" data-e-type=\"widget\" data-widget_type=\"text-editor.default\">\n\t\t\t\t<div class=\"elementor-widget-container\">\n\t\t\t\t\t\t\t\t\t<p>Profitez du soleil m\u00e9diterran\u00e9en avec nos transats confortables, parasols et tables inclus. R\u00e9servez d\u00e8s maintenant votre emplacement id\u00e9al !<\/p>\t\t\t\t\t\t\t\t<\/div>\n\t\t\t\t<\/div>\n\t\t\t\t\t<\/div>\n\t\t<\/div>\n\t\t\t\t\t<\/div>\n\t\t<\/section>\n\t\t\t\t<section class=\"elementor-section elementor-top-section elementor-element elementor-element-a3fdd69 elementor-section-boxed elementor-section-height-default elementor-section-height-default elementor-invisible\" data-id=\"a3fdd69\" data-element_type=\"section\" data-e-type=\"section\" data-settings=\"{&quot;animation&quot;:&quot;fadeInDown&quot;}\">\n\t\t\t\t\t\t<div class=\"elementor-container elementor-column-gap-default\">\n\t\t\t\t\t<div class=\"elementor-column elementor-col-33 elementor-top-column elementor-element elementor-element-7a367ee\" data-id=\"7a367ee\" data-element_type=\"column\" data-e-type=\"column\">\n\t\t\t<div class=\"elementor-widget-wrap elementor-element-populated\">\n\t\t\t\t\t\t<div class=\"elementor-element elementor-element-1be64c7 elementor-widget elementor-widget-image-box\" data-id=\"1be64c7\" data-element_type=\"widget\" data-e-type=\"widget\" data-widget_type=\"image-box.default\">\n\t\t\t\t<div class=\"elementor-widget-container\">\n\t\t\t\t\t<div class=\"elementor-image-box-wrapper\"><div class=\"elementor-image-box-content\"><h3 class=\"elementor-image-box-title\">\u23f1 2 heures<\/h3><p class=\"elementor-image-box-description\"><b>7\u20ac<\/b><\/p><\/div><\/div>\t\t\t\t<\/div>\n\t\t\t\t<\/div>\n\t\t\t\t\t<\/div>\n\t\t<\/div>\n\t\t\t\t<div class=\"elementor-column elementor-col-33 elementor-top-column elementor-element elementor-element-9864d12\" data-id=\"9864d12\" data-element_type=\"column\" data-e-type=\"column\">\n\t\t\t<div class=\"elementor-widget-wrap elementor-element-populated\">\n\t\t\t\t\t\t<div class=\"elementor-element elementor-element-b4d5dce elementor-widget elementor-widget-image-box\" data-id=\"b4d5dce\" data-element_type=\"widget\" data-e-type=\"widget\" data-widget_type=\"image-box.default\">\n\t\t\t\t<div class=\"elementor-widget-container\">\n\t\t\t\t\t<div class=\"elementor-image-box-wrapper\"><div class=\"elementor-image-box-content\"><h3 class=\"elementor-image-box-title\">\ud83c\udf1e Demi-journ\u00e9e<\/h3><p class=\"elementor-image-box-description\"><b>10\u20ac<\/b><\/p><\/div><\/div>\t\t\t\t<\/div>\n\t\t\t\t<\/div>\n\t\t\t\t\t<\/div>\n\t\t<\/div>\n\t\t\t\t<div class=\"elementor-column elementor-col-33 elementor-top-column elementor-element elementor-element-f30bd25\" data-id=\"f30bd25\" data-element_type=\"column\" data-e-type=\"column\">\n\t\t\t<div class=\"elementor-widget-wrap elementor-element-populated\">\n\t\t\t\t\t\t<div class=\"elementor-element elementor-element-be0a4cf elementor-widget elementor-widget-image-box\" data-id=\"be0a4cf\" data-element_type=\"widget\" data-e-type=\"widget\" data-widget_type=\"image-box.default\">\n\t\t\t\t<div class=\"elementor-widget-container\">\n\t\t\t\t\t<div class=\"elementor-image-box-wrapper\"><div class=\"elementor-image-box-content\"><h3 class=\"elementor-image-box-title\">\ud83c\udf1e Journ\u00e9e compl\u00e8te<\/h3><p class=\"elementor-image-box-description\"><b>14\u20ac<\/b><\/p><\/div><\/div>\t\t\t\t<\/div>\n\t\t\t\t<\/div>\n\t\t\t\t\t<\/div>\n\t\t<\/div>\n\t\t\t\t\t<\/div>\n\t\t<\/section>\n\t\t\t\t<section class=\"elementor-section elementor-top-section elementor-element elementor-element-2ef0c1a elementor-section-boxed elementor-section-height-default elementor-section-height-default\" data-id=\"2ef0c1a\" data-element_type=\"section\" data-e-type=\"section\">\n\t\t\t\t\t\t<div class=\"elementor-container elementor-column-gap-default\">\n\t\t\t\t\t<div class=\"elementor-column elementor-col-100 elementor-top-column elementor-element elementor-element-510d1fb\" data-id=\"510d1fb\" data-element_type=\"column\" data-e-type=\"column\">\n\t\t\t<div class=\"elementor-widget-wrap elementor-element-populated\">\n\t\t\t\t\t\t<div class=\"elementor-element elementor-element-58ab583 elementor-widget elementor-widget-shortcode\" data-id=\"58ab583\" data-element_type=\"widget\" data-e-type=\"widget\" data-widget_type=\"shortcode.default\">\n\t\t\t\t<div class=\"elementor-widget-container\">\n\t\t\t\t\t<div class=\"cac-wrap\">\n    <form id=\"cac-form\" class=\"cac-form\">\n      <label>Nom complet<\/label>\n      <input type=\"text\" name=\"nom\" required>\n\n      <label>T\u00e9l\u00e9phone<\/label>\n      <input type=\"text\" name=\"telephone\" required>\n\n      <label>E-mail<\/label>\n      <input type=\"email\" name=\"email\" required>\n\n      <label>Date<\/label>\n      <input type=\"date\" name=\"date_resa\" required>\n\n      <label>Heure<\/label>\n      <input type=\"time\" name=\"heure\" min=\"08:30\" max=\"19:00\" step=\"900\" required>\n\n      <label>Dur\u00e9e<\/label>\n      <select name=\"duree\" id=\"cac-duree\" required>\n        <option value=\"2h\" data-prix=\"7\">2 heures - 7\u20ac<\/option>\n        <option value=\"demi\" data-prix=\"10\">Demi-journ\u00e9e - 10\u20ac<\/option>\n        <option value=\"journee\" data-prix=\"14\">Journ\u00e9e - 14\u20ac<\/option>\n      <\/select>\n\n      <label>Nombre de personnes \/ transats<\/label>\n      <input type=\"number\" name=\"personnes\" id=\"cac-personnes\" min=\"1\" max=\"80\" value=\"1\" required>\n\n      <label>Message (optionnel)<\/label>\n      <textarea name=\"message\" rows=\"3\" placeholder=\"Demande sp\u00e9ciale, emplacement souhait\u00e9\u2026\"><\/textarea>\n\n      <div class=\"cac-total\"><span>Total :<\/span> <strong id=\"cac-total\">7 \u20ac<\/strong><\/div>\n\n      <button type=\"button\" id=\"cac-reserver\">R\u00e9server<\/button>\n    <\/form>\n\n    <!-- Popup r\u00e9capitulatif -->\n    <div class=\"cac-modal\" id=\"cac-modal\" aria-hidden=\"true\">\n      <div class=\"cac-modal-card\">\n        <h3>R\u00e9capitulatif de votre r\u00e9servation<\/h3>\n        <div id=\"cac-recap\" class=\"cac-recap\"><\/div>\n        <div class=\"cac-modal-actions\">\n          <button id=\"cac-close\" class=\"cac-btn-light\">Modifier<\/button>\n          <button id=\"cac-payer\" class=\"cac-btn-primary\">Payer<\/button>\n        <\/div>\n        <div class=\"cac-modal-legal\">\n          <p>Annulation : merci de pr\u00e9venir au moins une journ\u00e9e \u00e0 l\u2019avance.<\/p>\n        <\/div>\n      <\/div>\n    <\/div>\n  <\/div>\t\t<div class=\"elementor-shortcode\">\n<\/div>\n\t\t\t\t\t\t<\/div>\n\t\t\t\t<\/div>\n\t\t\t\t\t<\/div>\n\t\t<\/div>\n\t\t\t\t\t<\/div>\n\t\t<\/section>\n\t\t\t\t<section class=\"elementor-section elementor-top-section elementor-element elementor-element-ca1c091 elementor-section-boxed elementor-section-height-default elementor-section-height-default\" data-id=\"ca1c091\" data-element_type=\"section\" data-e-type=\"section\">\n\t\t\t\t\t\t<div class=\"elementor-container elementor-column-gap-default\">\n\t\t\t\t\t<div class=\"elementor-column elementor-col-100 elementor-top-column elementor-element elementor-element-14f193b\" data-id=\"14f193b\" data-element_type=\"column\" data-e-type=\"column\">\n\t\t\t<div class=\"elementor-widget-wrap elementor-element-populated\">\n\t\t\t\t\t\t<div class=\"elementor-element elementor-element-43dfad4 elementor-widget elementor-widget-text-editor\" data-id=\"43dfad4\" data-element_type=\"widget\" data-e-type=\"widget\" data-widget_type=\"text-editor.default\">\n\t\t\t\t<div class=\"elementor-widget-container\">\n\t\t\t\t\t\t\t\t\t<p>En cas d\u2019annulation, merci de nous pr\u00e9venir au moins une journ\u00e9e \u00e0 l\u2019avance.<\/p><p>En r\u00e9servant, j\u2019accepte les\u00a0<a href=\"http:\/\/mtgvuzu.cluster021.hosting.ovh.net\/index.php\/conditions-generales-d-utilisation\/\" target=\"_blank\" rel=\"noopener\">Conditions G\u00e9n\u00e9rales d\u2019Utilisation<\/a>, la\u00a0<a href=\"http:\/\/mtgvuzu.cluster021.hosting.ovh.net\/index.php\/politique-de-confidentialite\/\" target=\"_blank\" rel=\"noopener\" data-wplink-edit=\"true\">Politique de confidentialit\u00e9<\/a>\u00a0et les\u00a0<a href=\"http:\/\/mtgvuzu.cluster021.hosting.ovh.net\/index.php\/les-regles-de-la-plage\/\" target=\"_blank\" rel=\"noopener\">R\u00e8gles de la plage<\/a>.<\/p>\t\t\t\t\t\t\t\t<\/div>\n\t\t\t\t<\/div>\n\t\t\t\t\t<\/div>\n\t\t<\/div>\n\t\t\t\t\t<\/div>\n\t\t<\/section>\n\t\t\t\t<section class=\"elementor-section elementor-top-section elementor-element elementor-element-cc0665f elementor-section-boxed elementor-section-height-default elementor-section-height-default elementor-invisible\" data-id=\"cc0665f\" data-element_type=\"section\" data-e-type=\"section\" data-settings=\"{&quot;animation&quot;:&quot;fadeInDown&quot;}\">\n\t\t\t\t\t\t<div class=\"elementor-container elementor-column-gap-default\">\n\t\t\t\t\t<div class=\"elementor-column elementor-col-33 elementor-top-column elementor-element elementor-element-521a0b1\" data-id=\"521a0b1\" data-element_type=\"column\" data-e-type=\"column\">\n\t\t\t<div class=\"elementor-widget-wrap elementor-element-populated\">\n\t\t\t\t\t\t<div class=\"elementor-element elementor-element-f36d58b elementor-position-top elementor-widget elementor-widget-image-box\" data-id=\"f36d58b\" data-element_type=\"widget\" data-e-type=\"widget\" data-widget_type=\"image-box.default\">\n\t\t\t\t<div class=\"elementor-widget-container\">\n\t\t\t\t\t<div class=\"elementor-image-box-wrapper\"><figure class=\"elementor-image-box-img\"><img fetchpriority=\"high\" decoding=\"async\" width=\"768\" height=\"597\" src=\"https:\/\/chezalex-narbonne-plage.fr\/wp-content\/uploads\/2025\/09\/08045a15-ae74-4a76-8cc9-c8a9cf4d6051-768x597.jpeg\" class=\"attachment-medium_large size-medium_large wp-image-553\" alt=\"\" srcset=\"https:\/\/chezalex-narbonne-plage.fr\/wp-content\/uploads\/2025\/09\/08045a15-ae74-4a76-8cc9-c8a9cf4d6051-768x597.jpeg 768w, https:\/\/chezalex-narbonne-plage.fr\/wp-content\/uploads\/2025\/09\/08045a15-ae74-4a76-8cc9-c8a9cf4d6051-300x233.jpeg 300w, https:\/\/chezalex-narbonne-plage.fr\/wp-content\/uploads\/2025\/09\/08045a15-ae74-4a76-8cc9-c8a9cf4d6051-1024x796.jpeg 1024w, https:\/\/chezalex-narbonne-plage.fr\/wp-content\/uploads\/2025\/09\/08045a15-ae74-4a76-8cc9-c8a9cf4d6051.jpeg 1242w\" sizes=\"(max-width: 768px) 100vw, 768px\" \/><\/figure><div class=\"elementor-image-box-content\"><h3 class=\"elementor-image-box-title\">Nos transats<\/h3><p class=\"elementor-image-box-description\">Nos transats sont confortables et adapt\u00e9s pour la plage. Chaque transat est \u00e9quip\u00e9 d\u2019un matelas en mousse \u00e9paisse, offrant un soutien optimal pour profiter du soleil ou se d\u00e9tendre au bord de l\u2019eau..<\/p><\/div><\/div>\t\t\t\t<\/div>\n\t\t\t\t<\/div>\n\t\t\t\t\t<\/div>\n\t\t<\/div>\n\t\t\t\t<div class=\"elementor-column elementor-col-33 elementor-top-column elementor-element elementor-element-b1043d5\" data-id=\"b1043d5\" data-element_type=\"column\" data-e-type=\"column\">\n\t\t\t<div class=\"elementor-widget-wrap elementor-element-populated\">\n\t\t\t\t\t\t<div class=\"elementor-element elementor-element-ae72b2c elementor-position-top elementor-widget elementor-widget-image-box\" data-id=\"ae72b2c\" data-element_type=\"widget\" data-e-type=\"widget\" data-widget_type=\"image-box.default\">\n\t\t\t\t<div class=\"elementor-widget-container\">\n\t\t\t\t\t<div class=\"elementor-image-box-wrapper\"><figure class=\"elementor-image-box-img\"><img decoding=\"async\" width=\"768\" height=\"598\" src=\"https:\/\/chezalex-narbonne-plage.fr\/wp-content\/uploads\/2025\/09\/6e5391eb-2700-431b-9450-f7f1be55283f-1-e1758376897875-768x598.jpeg\" class=\"attachment-medium_large size-medium_large wp-image-744\" alt=\"\" srcset=\"https:\/\/chezalex-narbonne-plage.fr\/wp-content\/uploads\/2025\/09\/6e5391eb-2700-431b-9450-f7f1be55283f-1-e1758376897875-768x598.jpeg 768w, https:\/\/chezalex-narbonne-plage.fr\/wp-content\/uploads\/2025\/09\/6e5391eb-2700-431b-9450-f7f1be55283f-1-e1758376897875-300x234.jpeg 300w, https:\/\/chezalex-narbonne-plage.fr\/wp-content\/uploads\/2025\/09\/6e5391eb-2700-431b-9450-f7f1be55283f-1-e1758376897875-1024x797.jpeg 1024w, https:\/\/chezalex-narbonne-plage.fr\/wp-content\/uploads\/2025\/09\/6e5391eb-2700-431b-9450-f7f1be55283f-1-e1758376897875.jpeg 1242w\" sizes=\"(max-width: 768px) 100vw, 768px\" \/><\/figure><div class=\"elementor-image-box-content\"><h3 class=\"elementor-image-box-title\">Nos parasols et tables<\/h3><p class=\"elementor-image-box-description\">Un parasol individuel \nOffre ombre et protection solaire pendant toute la dur\u00e9e de la location. Table individuelle \nPratique pour poser vos boissons, lunettes, t\u00e9l\u00e9phone ou serviette.<\/p><\/div><\/div>\t\t\t\t<\/div>\n\t\t\t\t<\/div>\n\t\t\t\t\t<\/div>\n\t\t<\/div>\n\t\t\t\t<div class=\"elementor-column elementor-col-33 elementor-top-column elementor-element elementor-element-e96e385\" data-id=\"e96e385\" data-element_type=\"column\" data-e-type=\"column\">\n\t\t\t<div class=\"elementor-widget-wrap elementor-element-populated\">\n\t\t\t\t\t\t<div class=\"elementor-element elementor-element-3a43421 elementor-position-top elementor-widget elementor-widget-image-box\" data-id=\"3a43421\" data-element_type=\"widget\" data-e-type=\"widget\" data-widget_type=\"image-box.default\">\n\t\t\t\t<div class=\"elementor-widget-container\">\n\t\t\t\t\t<div class=\"elementor-image-box-wrapper\"><figure class=\"elementor-image-box-img\"><img decoding=\"async\" width=\"1280\" height=\"960\" src=\"https:\/\/chezalex-narbonne-plage.fr\/wp-content\/uploads\/2025\/09\/8fc0b381-3903-4212-99ed-07701eb5e6e2-1-e1758377057192.jpeg\" class=\"attachment-full size-full wp-image-746\" alt=\"\" \/><\/figure><div class=\"elementor-image-box-content\"><h3 class=\"elementor-image-box-title\">Les emplacements<\/h3><p class=\"elementor-image-box-description\">Nos transats sont install\u00e9s en plusieurs lignes face \u00e0 la mer.\nPeu importe la ligne choisie, le tarif reste identique :<\/p><\/div><\/div>\t\t\t\t<\/div>\n\t\t\t\t<\/div>\n\t\t\t\t\t<\/div>\n\t\t<\/div>\n\t\t\t\t\t<\/div>\n\t\t<\/section>\n\t\t\t\t<\/div>\n\t\t","protected":false},"excerpt":{"rendered":"<p>R\u00e9servation Profitez du soleil m\u00e9diterran\u00e9en avec nos transats confortables, parasols et tables inclus. R\u00e9servez d\u00e8s maintenant votre emplacement id\u00e9al ! \u23f1 2 heures 7\u20ac \ud83c\udf1e Demi-journ\u00e9e 10\u20ac \ud83c\udf1e Journ\u00e9e compl\u00e8te 14\u20ac En cas d\u2019annulation, merci de nous pr\u00e9venir au moins une journ\u00e9e \u00e0 l\u2019avance. En r\u00e9servant, j\u2019accepte les\u00a0Conditions G\u00e9n\u00e9rales d\u2019Utilisation, la\u00a0Politique de confidentialit\u00e9\u00a0et les\u00a0R\u00e8gles de [&hellip;]<\/p>\n","protected":false},"author":1,"featured_media":0,"parent":0,"menu_order":0,"comment_status":"closed","ping_status":"closed","template":"elementor_header_footer","meta":{"footnotes":""},"class_list":["post-615","page","type-page","status-publish","hentry"],"_links":{"self":[{"href":"https:\/\/chezalex-narbonne-plage.fr\/index.php\/wp-json\/wp\/v2\/pages\/615","targetHints":{"allow":["GET"]}}],"collection":[{"href":"https:\/\/chezalex-narbonne-plage.fr\/index.php\/wp-json\/wp\/v2\/pages"}],"about":[{"href":"https:\/\/chezalex-narbonne-plage.fr\/index.php\/wp-json\/wp\/v2\/types\/page"}],"author":[{"embeddable":true,"href":"https:\/\/chezalex-narbonne-plage.fr\/index.php\/wp-json\/wp\/v2\/users\/1"}],"replies":[{"embeddable":true,"href":"https:\/\/chezalex-narbonne-plage.fr\/index.php\/wp-json\/wp\/v2\/comments?post=615"}],"version-history":[{"count":94,"href":"https:\/\/chezalex-narbonne-plage.fr\/index.php\/wp-json\/wp\/v2\/pages\/615\/revisions"}],"predecessor-version":[{"id":990,"href":"https:\/\/chezalex-narbonne-plage.fr\/index.php\/wp-json\/wp\/v2\/pages\/615\/revisions\/990"}],"wp:attachment":[{"href":"https:\/\/chezalex-narbonne-plage.fr\/index.php\/wp-json\/wp\/v2\/media?parent=615"}],"curies":[{"name":"wp","href":"https:\/\/api.w.org\/{rel}","templated":true}]}}