{"id":374,"date":"2025-09-17T10:40:42","date_gmt":"2025-09-17T10:40:42","guid":{"rendered":"http:\/\/mtgvuzu.cluster021.hosting.ovh.net\/index.php\/about-us\/"},"modified":"2025-09-19T16:03:44","modified_gmt":"2025-09-19T16:03:44","slug":"a-propos","status":"publish","type":"page","link":"https:\/\/chezalex-narbonne-plage.fr\/index.php\/a-propos\/","title":{"rendered":"\u00c0 propos"},"content":{"rendered":"\t\t<div data-elementor-type=\"wp-page\" data-elementor-id=\"374\" class=\"elementor elementor-374\">\n\t\t\t\t\t\t<section class=\"elementor-section elementor-top-section elementor-element elementor-element-fb9152b elementor-section-boxed elementor-section-height-default elementor-section-height-default\" data-id=\"fb9152b\" data-element_type=\"section\" data-e-type=\"section\" data-settings=\"{&quot;background_background&quot;:&quot;classic&quot;}\">\n\t\t\t\t\t\t<div class=\"elementor-container elementor-column-gap-no\">\n\t\t\t\t\t<div class=\"elementor-column elementor-col-100 elementor-top-column elementor-element elementor-element-bd167db\" data-id=\"bd167db\" data-element_type=\"column\" data-e-type=\"column\">\n\t\t\t<div class=\"elementor-widget-wrap elementor-element-populated\">\n\t\t\t\t\t\t<div class=\"elementor-element elementor-element-85834e6 elementor-widget elementor-widget-heading\" data-id=\"85834e6\" data-element_type=\"widget\" data-e-type=\"widget\" data-widget_type=\"heading.default\">\n\t\t\t\t<div class=\"elementor-widget-container\">\n\t\t\t\t\t<h2 class=\"elementor-heading-title elementor-size-default\">\u00c0 propos<\/h2>\t\t\t\t<\/div>\n\t\t\t\t<\/div>\n\t\t\t\t\t<\/div>\n\t\t<\/div>\n\t\t\t\t\t<\/div>\n\t\t<\/section>\n\t\t\t\t<section class=\"elementor-section elementor-top-section elementor-element elementor-element-4dba3a8 elementor-section-stretched elementor-section-full_width elementor-section-height-default elementor-section-height-default\" data-id=\"4dba3a8\" data-element_type=\"section\" data-e-type=\"section\" data-settings=\"{&quot;stretch_section&quot;:&quot;section-stretched&quot;,&quot;background_background&quot;:&quot;classic&quot;}\">\n\t\t\t\t\t\t<div class=\"elementor-container elementor-column-gap-no\">\n\t\t\t\t\t<div class=\"elementor-column elementor-col-100 elementor-top-column elementor-element elementor-element-1f2ce32\" data-id=\"1f2ce32\" data-element_type=\"column\" data-e-type=\"column\">\n\t\t\t<div class=\"elementor-widget-wrap elementor-element-populated\">\n\t\t\t\t\t\t<section class=\"elementor-section elementor-inner-section elementor-element elementor-element-b5e71ed elementor-section-boxed elementor-section-height-default elementor-section-height-default\" data-id=\"b5e71ed\" data-element_type=\"section\" data-e-type=\"section\">\n\t\t\t\t\t\t<div class=\"elementor-container elementor-column-gap-no\">\n\t\t\t\t\t<div class=\"elementor-column elementor-col-50 elementor-inner-column elementor-element elementor-element-6205a42\" data-id=\"6205a42\" data-element_type=\"column\" data-e-type=\"column\" data-settings=\"{&quot;motion_fx_motion_fx_scrolling&quot;:&quot;yes&quot;,&quot;motion_fx_translateY_effect&quot;:&quot;yes&quot;,&quot;motion_fx_translateY_speed&quot;:{&quot;unit&quot;:&quot;px&quot;,&quot;size&quot;:2,&quot;sizes&quot;:[]},&quot;motion_fx_translateY_affectedRange&quot;:{&quot;unit&quot;:&quot;%&quot;,&quot;size&quot;:&quot;&quot;,&quot;sizes&quot;:{&quot;start&quot;:0,&quot;end&quot;:100}},&quot;motion_fx_devices&quot;:[&quot;desktop&quot;,&quot;tablet&quot;,&quot;mobile&quot;]}\">\n\t\t\t<div class=\"elementor-widget-wrap elementor-element-populated\">\n\t\t\t\t\t\t<div class=\"elementor-element elementor-element-502e730 elementor-widget elementor-widget-eael-dual-color-header\" data-id=\"502e730\" data-element_type=\"widget\" data-e-type=\"widget\" data-settings=\"{&quot;motion_fx_motion_fx_scrolling&quot;:&quot;yes&quot;,&quot;motion_fx_translateY_effect&quot;:&quot;yes&quot;,&quot;motion_fx_translateY_speed&quot;:{&quot;unit&quot;:&quot;px&quot;,&quot;size&quot;:1,&quot;sizes&quot;:[]},&quot;motion_fx_devices&quot;:[&quot;desktop&quot;],&quot;motion_fx_translateY_affectedRange&quot;:{&quot;unit&quot;:&quot;%&quot;,&quot;size&quot;:&quot;&quot;,&quot;sizes&quot;:{&quot;start&quot;:0,&quot;end&quot;:100}}}\" data-widget_type=\"eael-dual-color-header.default\">\n\t\t\t\t<div class=\"elementor-widget-container\">\n\t\t\t\t\t\t\t\t<div class=\"eael-dual-header\">\n\t\t\t\t\t\t\t\t\t<span class=\"eael-dch-svg-icon\"><i aria-hidden=\"true\" class=\"far fa-window-minimize\"><\/i><\/span>\t\t\t\t\t\t\t\t<h2 class=\"title eael-dch-title\"><span class=\"eael-dch-title-text eael-dch-title-lead lead solid-color\">Notre \u00e9quipe<\/span> <span class=\"eael-dch-title-text\"><\/span><\/h2>\t\t\t\t<span class=\"subtext\"><\/span>\n\t\t\t<\/div>\n\t\t\t\t\t\t<\/div>\n\t\t\t\t<\/div>\n\t\t\t\t<div class=\"elementor-element elementor-element-d1cef14 elementor-widget elementor-widget-text-editor\" data-id=\"d1cef14\" data-element_type=\"widget\" data-e-type=\"widget\" data-widget_type=\"text-editor.default\">\n\t\t\t\t<div class=\"elementor-widget-container\">\n\t\t\t\t\t\t\t\t\t<p data-start=\"94\" data-end=\"316\"><strong data-start=\"106\" data-end=\"154\">Chez Alex, plus qu\u2019une \u00e9quipe\u2026 une famille !<\/strong><br data-start=\"154\" data-end=\"157\" \/>Depuis <strong data-start=\"164\" data-end=\"172\">2017<\/strong>, nous sommes install\u00e9s \u00e0 Narbonne Plage et nous avons \u00e0 c\u0153ur de vous offrir le meilleur accueil, dans une ambiance conviviale et chaleureuse.<\/p><p data-start=\"318\" data-end=\"475\">Que ce soit pour profiter d\u2019un transat, d\u2019un p\u00e9dalo, d\u2019un cocktail ou simplement d\u2019un moment de d\u00e9tente, toute l\u2019\u00e9quipe vous accompagne avec le sourire .<\/p>\t\t\t\t\t\t\t\t<\/div>\n\t\t\t\t<\/div>\n\t\t\t\t\t<\/div>\n\t\t<\/div>\n\t\t\t\t<div class=\"elementor-column elementor-col-50 elementor-inner-column elementor-element elementor-element-00d90d5\" data-id=\"00d90d5\" data-element_type=\"column\" data-e-type=\"column\">\n\t\t\t<div class=\"elementor-widget-wrap elementor-element-populated\">\n\t\t\t\t\t\t<div class=\"elementor-element elementor-element-869544c elementor-widget elementor-widget-image\" data-id=\"869544c\" data-element_type=\"widget\" data-e-type=\"widget\" data-widget_type=\"image.default\">\n\t\t\t\t<div class=\"elementor-widget-container\">\n\t\t\t\t\t\t\t\t\t\t\t\t\t\t\t<img fetchpriority=\"high\" decoding=\"async\" width=\"800\" height=\"671\" src=\"https:\/\/chezalex-narbonne-plage.fr\/wp-content\/uploads\/2025\/09\/Equipe.png\" class=\"attachment-large size-large wp-image-593\" alt=\"\" srcset=\"https:\/\/chezalex-narbonne-plage.fr\/wp-content\/uploads\/2025\/09\/Equipe.png 940w, https:\/\/chezalex-narbonne-plage.fr\/wp-content\/uploads\/2025\/09\/Equipe-300x251.png 300w, https:\/\/chezalex-narbonne-plage.fr\/wp-content\/uploads\/2025\/09\/Equipe-768x644.png 768w\" sizes=\"(max-width: 800px) 100vw, 800px\" \/>\t\t\t\t\t\t\t\t\t\t\t\t\t\t\t<\/div>\n\t\t\t\t<\/div>\n\t\t\t\t\t<\/div>\n\t\t<\/div>\n\t\t\t\t\t<\/div>\n\t\t<\/section>\n\t\t\t\t\t<\/div>\n\t\t<\/div>\n\t\t\t\t\t<\/div>\n\t\t<\/section>\n\t\t\t\t<\/div>\n\t\t","protected":false},"excerpt":{"rendered":"<p>\u00c0 propos Notre \u00e9quipe Chez Alex, plus qu\u2019une \u00e9quipe\u2026 une famille !Depuis 2017, nous sommes install\u00e9s \u00e0 Narbonne Plage et nous avons \u00e0 c\u0153ur de vous offrir le meilleur accueil, dans une ambiance conviviale et chaleureuse. Que ce soit pour profiter d\u2019un transat, d\u2019un p\u00e9dalo, d\u2019un cocktail ou simplement d\u2019un moment de d\u00e9tente, toute l\u2019\u00e9quipe [&hellip;]<\/p>\n","protected":false},"author":1,"featured_media":0,"parent":0,"menu_order":0,"comment_status":"closed","ping_status":"closed","template":"elementor_header_footer","meta":{"footnotes":""},"class_list":["post-374","page","type-page","status-publish","hentry"],"_links":{"self":[{"href":"https:\/\/chezalex-narbonne-plage.fr\/index.php\/wp-json\/wp\/v2\/pages\/374","targetHints":{"allow":["GET"]}}],"collection":[{"href":"https:\/\/chezalex-narbonne-plage.fr\/index.php\/wp-json\/wp\/v2\/pages"}],"about":[{"href":"https:\/\/chezalex-narbonne-plage.fr\/index.php\/wp-json\/wp\/v2\/types\/page"}],"author":[{"embeddable":true,"href":"https:\/\/chezalex-narbonne-plage.fr\/index.php\/wp-json\/wp\/v2\/users\/1"}],"replies":[{"embeddable":true,"href":"https:\/\/chezalex-narbonne-plage.fr\/index.php\/wp-json\/wp\/v2\/comments?post=374"}],"version-history":[{"count":12,"href":"https:\/\/chezalex-narbonne-plage.fr\/index.php\/wp-json\/wp\/v2\/pages\/374\/revisions"}],"predecessor-version":[{"id":651,"href":"https:\/\/chezalex-narbonne-plage.fr\/index.php\/wp-json\/wp\/v2\/pages\/374\/revisions\/651"}],"wp:attachment":[{"href":"https:\/\/chezalex-narbonne-plage.fr\/index.php\/wp-json\/wp\/v2\/media?parent=374"}],"curies":[{"name":"wp","href":"https:\/\/api.w.org\/{rel}","templated":true}]}}